{"id":405,"date":"2017-07-18T09:27:03","date_gmt":"2017-07-18T09:27:03","guid":{"rendered":"https:\/\/www.cuadrilladeayala.eus\/kuadrilla\/funciones-y-servicios\/"},"modified":"2023-02-22T10:32:01","modified_gmt":"2023-02-22T10:32:01","slug":"funtzioak-eta-zerbitzuak","status":"publish","type":"page","link":"https:\/\/www.cuadrilladeayala.eus\/eu\/kuadrilla\/funtzioak-eta-zerbitzuak\/","title":{"rendered":"Funtzioak eta zerbitzuak"},"content":{"rendered":"\t\t<div data-elementor-type=\"wp-page\" data-elementor-id=\"405\" class=\"elementor elementor-405 elementor-38\">\n\t\t\t\t\t\t<div class=\"elementor-inner\">\n\t\t\t\t<div class=\"elementor-section-wrap\">\n\t\t\t\t\t\t\t\t\t<section class=\"elementor-section elementor-top-section elementor-element elementor-element-63180a8 elementor-section-boxed elementor-section-height-default elementor-section-height-default\" data-id=\"63180a8\" data-element_type=\"section\">\n\t\t\t\t\t\t<div class=\"elementor-container elementor-column-gap-default\">\n\t\t\t\t\t\t\t<div class=\"elementor-row\">\n\t\t\t\t\t<div class=\"elementor-column elementor-col-100 elementor-top-column elementor-element elementor-element-188a20a4\" data-id=\"188a20a4\" data-element_type=\"column\">\n\t\t\t<div class=\"elementor-column-wrap elementor-element-populated\">\n\t\t\t\t\t\t\t<div class=\"elementor-widget-wrap\">\n\t\t\t\t\t\t<div class=\"elementor-element elementor-element-476223cf elementor-widget elementor-widget-text-editor\" data-id=\"476223cf\" data-element_type=\"widget\" data-widget_type=\"text-editor.default\">\n\t\t\t\t<div class=\"elementor-widget-container\">\n\t\t\t\t\t\t\t\t<div class=\"elementor-text-editor elementor-clearfix\">\n\t\t\t\t<p><strong>La Cuadrilla de Aiaraldea<\/strong> se constituye <em>para participar en los asuntos comarcales<\/em>, promover y gestionar cuestiones de inter\u00e9s general que afecten a su \u00e1mbito territorial, integrado por los cinco ayuntamientos que la constituyen.<\/p>\n<p>Los servicios que actualmente presta <strong>La Cuadrilla<\/strong> son los siguientes:<\/p>\n<ul>\n<li>Asesoramiento urban\u00edstico.<\/li>\n<li>Promoci\u00f3n econ\u00f3mica y empleo.<\/li>\n<li>Animaci\u00f3n sociocultural.<\/li>\n<li>Normalizaci\u00f3n y dinamizaci\u00f3n ling\u00fc\u00edstica promocionando el uso del euskera.<\/li>\n<li>Igualdad.<\/li>\n<li>Juventud.<\/li>\n<li>Dinamizaci\u00f3n de actividades de la tercera edad.<\/li>\n<li>Gesti\u00f3n y promoci\u00f3n de eventos comarcales.<\/li>\n<li>Gesti\u00f3n de la defensa de los intereses comarcales.<\/li>\n<li>Promoci\u00f3n tur\u00edstica.<\/li>\n<li>Gesti\u00f3n de los residuos urbanos.<\/li>\n<li>Vialidad invernal.<\/li>\n<li>Medio Ambiente.<\/li>\n<li>Gesti\u00f3n de los Archivos de las administraciones locales.<\/li>\n<\/ul>\n<p>&nbsp;<\/p>\t\t\t\t\t<\/div>\n\t\t\t\t\t\t<\/div>\n\t\t\t\t<\/div>\n\t\t\t\t\t\t<\/div>\n\t\t\t\t\t<\/div>\n\t\t<\/div>\n\t\t\t\t\t\t\t\t<\/div>\n\t\t\t\t\t<\/div>\n\t\t<\/section>\n\t\t\t\t\t\t\t\t\t<\/div>\n\t\t\t<\/div>\n\t\t\t\t\t<\/div>\n\t\t","protected":false},"excerpt":{"rendered":"<p>Aiaraldeko Kuadrilla\u00a0eratu zen eskualdeko gaietan parte hartzeko eta bere lurralde-eremuari eragiten dioten interes orokorreko kontuak sustatu eta kudeatzeko. Eremua Kuadrilla osatzen duten bost udalek osatzen dute. Gaur egun, honako zerbitzua hauek eskaintzen ditu Kuadrillak: Hirigintzako aholkularitza. Sustapen ekonomikoa eta enplegua. Animazio soziokulturala. Hizkuntzaren normalkuntza eta dinamizazioa; euskararen erabileraren sustapena. Hirugarren adinekoen jarduerak dinamizatzea. Eskualdeko ekitaldiak [&hellip;]<\/p>\n","protected":false},"author":9,"featured_media":0,"parent":372,"menu_order":0,"comment_status":"closed","ping_status":"closed","template":"","meta":{"_genesis_hide_title":false,"_genesis_hide_breadcrumbs":false,"_genesis_hide_singular_image":false,"_genesis_hide_footer_widgets":false,"_genesis_custom_body_class":"","_genesis_custom_post_class":"","_genesis_layout":"sidebar-content","footnotes":""},"class_list":{"0":"post-405","1":"page","2":"type-page","3":"status-publish","5":"entry"},"_links":{"self":[{"href":"https:\/\/www.cuadrilladeayala.eus\/eu\/wp-json\/wp\/v2\/pages\/405","targetHints":{"allow":["GET"]}}],"collection":[{"href":"https:\/\/www.cuadrilladeayala.eus\/eu\/wp-json\/wp\/v2\/pages"}],"about":[{"href":"https:\/\/www.cuadrilladeayala.eus\/eu\/wp-json\/wp\/v2\/types\/page"}],"author":[{"embeddable":true,"href":"https:\/\/www.cuadrilladeayala.eus\/eu\/wp-json\/wp\/v2\/users\/9"}],"replies":[{"embeddable":true,"href":"https:\/\/www.cuadrilladeayala.eus\/eu\/wp-json\/wp\/v2\/comments?post=405"}],"version-history":[{"count":4,"href":"https:\/\/www.cuadrilladeayala.eus\/eu\/wp-json\/wp\/v2\/pages\/405\/revisions"}],"predecessor-version":[{"id":4219,"href":"https:\/\/www.cuadrilladeayala.eus\/eu\/wp-json\/wp\/v2\/pages\/405\/revisions\/4219"}],"up":[{"embeddable":true,"href":"https:\/\/www.cuadrilladeayala.eus\/eu\/wp-json\/wp\/v2\/pages\/372"}],"wp:attachment":[{"href":"https:\/\/www.cuadrilladeayala.eus\/eu\/wp-json\/wp\/v2\/media?parent=405"}],"curies":[{"name":"wp","href":"https:\/\/api.w.org\/{rel}","templated":true}]}}