{"id":4774,"date":"2023-04-11T13:19:40","date_gmt":"2023-04-11T11:19:40","guid":{"rendered":"https:\/\/www.cuadrilladeayala.eus\/?page_id=4774"},"modified":"2025-01-09T11:18:06","modified_gmt":"2025-01-09T10:18:06","slug":"lan-eskaintzak","status":"publish","type":"page","link":"https:\/\/www.cuadrilladeayala.eus\/eu\/lan-eskaintzak\/","title":{"rendered":"Lan eskaintzak"},"content":{"rendered":"\t\t<div data-elementor-type=\"wp-page\" data-elementor-id=\"4774\" class=\"elementor elementor-4774 elementor-4773\">\n\t\t\t\t\t\t<div class=\"elementor-inner\">\n\t\t\t\t<div class=\"elementor-section-wrap\">\n\t\t\t\t\t\t\t\t\t<section class=\"elementor-section elementor-top-section elementor-element elementor-element-30822236 elementor-section-boxed elementor-section-height-default elementor-section-height-default\" data-id=\"30822236\" data-element_type=\"section\">\n\t\t\t\t\t\t<div class=\"elementor-container elementor-column-gap-default\">\n\t\t\t\t\t\t\t<div class=\"elementor-row\">\n\t\t\t\t\t<div class=\"elementor-column elementor-col-100 elementor-top-column elementor-element elementor-element-14ec4882\" data-id=\"14ec4882\" data-element_type=\"column\">\n\t\t\t<div class=\"elementor-column-wrap elementor-element-populated\">\n\t\t\t\t\t\t\t<div class=\"elementor-widget-wrap\">\n\t\t\t\t\t\t<div class=\"elementor-element elementor-element-53131538 elementor-widget elementor-widget-text-editor\" data-id=\"53131538\" data-element_type=\"widget\" data-widget_type=\"text-editor.default\">\n\t\t\t\t<div class=\"elementor-widget-container\">\n\t\t\t\t\t\t\t\t<div class=\"elementor-text-editor elementor-clearfix\">\n\t\t\t\t<p><a href=\"https:\/\/www.cuadrilladeayala.eus\/wp-content\/uploads\/2024\/05\/Anuncio-BOE-A-2024-9203-convocatoria-concurso-oposicion.pdf\" target=\"_blank\" rel=\"noopener\">ANUNCIO BOE-A-2024-9203 CONVOCATORIA CONCURSO OPOSICION<\/a><\/p><p><a href=\"https:\/\/www.cuadrilladeayala.eus\/wp-content\/uploads\/2024\/05\/Aiarako-Kuadrilla_izenaematekoeskaera-Cuadrilla-de-Ayala-solicitudinscripcion-Berdintasun-Igualdad.pdf\" target=\"_blank\" rel=\"noopener\">SOLICITUD INSCRIPCI\u00d3N IGUALDAD<\/a><\/p><p><a href=\"https:\/\/epeope2023.araba.eus\/es\/inicio\" target=\"_blank\" rel=\"noopener\">FORMULARIO DE AUTOBAREMACI\u00d3N<\/a><\/p><p><a href=\"https:\/\/www.cuadrilladeayala.eus\/wp-content\/uploads\/2023\/12\/ERANSKINA-ANEXO-I.pdf\" target=\"_blank\" rel=\"noopener\">ANEXO I<\/a><\/p><p><a href=\"https:\/\/www.cuadrilladeayala.eus\/wp-content\/uploads\/2023\/04\/Ordenaza-tasas-examen.pdf\" target=\"_blank\" rel=\"noopener\">ORDENANZA TASAS EXAMEN\u00a0<\/a><\/p><p><a href=\"https:\/\/www.cuadrilladeayala.eus\/wp-content\/uploads\/2023\/04\/ANUNCIO-BASES-Y-CONVOCATORIA-CONCURSO.pdf\" target=\"_blank\" rel=\"noopener\">ANUNCIO BASES Y CONVOCATORIA CONCURSO<\/a><\/p><p><a href=\"https:\/\/www.cuadrilladeayala.eus\/wp-content\/uploads\/2023\/04\/ANUNCIO-BASES-Y-CONVOCATORIA-CONCURSO-OPOSICION.pdf\" target=\"_blank\" rel=\"noopener\">ANUNCIO BASES Y CONVOCATORIA CONCURSO-OPOSICI\u00d3N<\/a><\/p><p><a href=\"https:\/\/www.cuadrilladeayala.eus\/wp-content\/uploads\/2023\/04\/Correccion-errores-convocatoria-concurso.pdf\" target=\"_blank\" rel=\"noopener\">CORRECI\u00d3N ERRORES\u00a0 CONVOCATORIA CONCURSO<\/a><\/p><p><a href=\"https:\/\/www.cuadrilladeayala.eus\/wp-content\/uploads\/2023\/04\/Correccion-errores-convocatoria-concurso-2.pdf\" target=\"_blank\" rel=\"noopener\">CORRECI\u00d3N ERRORES CONVOCATORIA CONCURSO 2<\/a><\/p><p><a href=\"https:\/\/www.cuadrilladeayala.eus\/wp-content\/uploads\/2023\/04\/Correccion-errores-convocatoria-concurso-oposicion.pdf\" target=\"_blank\" rel=\"noopener\">CORRECI\u00d3N ERRORES CONVOCATORIA CONCURSO OPOSICI\u00d3N<\/a><\/p><p><a href=\"https:\/\/www.cuadrilladeayala.eus\/wp-content\/uploads\/2023\/04\/Anuncio-BOE-A-2023-9571-convoctoria-concurso.pdf\" target=\"_blank\" rel=\"noopener\">ANUNCIO BOE-A-2023-9571 CONVOCATORIA CONCURSO<\/a><\/p><p><a href=\"https:\/\/www.cuadrilladeayala.eus\/wp-content\/uploads\/2023\/09\/DECRETO-68-25-09-23-Relacion-provisional-de-personas-aspirantes-admitidas-y-excluidas.pdf\" target=\"_blank\" rel=\"noopener\">RELACI\u00d3N\u00a0 PROVISIONAL DE PERSONAS ASPIRANTES ADMITIDAS Y EXCLUIDAS<\/a><\/p><p><a href=\"https:\/\/www.cuadrilladeayala.eus\/wp-content\/uploads\/2023\/11\/DECRETO-93-23-11-23-Relacion-de-personas-aspirantes-admitidas-y-excluidas-y-puntuacion-provisional-para-la-plaza-de-auxiliar-administrativo-a-EUS-CAS.pdf\" target=\"_blank\" rel=\"noopener\">LA RELACI\u00d3N DEFINITIVA DE PERSONAS ASPIRANTES ADMITIDAS Y EXCLUIDAS PLAZA AUXILIAR ADMINISTRATIVO\/A<\/a><\/p><p><a href=\"https:\/\/www.cuadrilladeayala.eus\/wp-content\/uploads\/2023\/11\/DECRETO-93-23-11-23-Relacion-de-personas-aspirantes-admitidas-y-excluidas-y-puntuacion-provisional-para-la-plaza-de-auxiliar-administrativo-a-EUS-CAS.pdf\" target=\"_blank\" rel=\"noopener\">LA <\/a><a href=\"https:\/\/www.cuadrilladeayala.eus\/wp-content\/uploads\/2023\/11\/DECRETO-94-23-11-23-Relacion-de-personas-aspirantes-admitidas-y-excluidas-y-puntuacion-provisional-para-la-plaza-de-auxiliar-administrativo-a-bienestar-social-EUS-CAS.pdf\" target=\"_blank\" rel=\"noopener\">RELACI\u00d3N DEFINITIVA DE PERSONAS ASPIRANTES ADMITIDAS Y EXCLUIDAS PLAZA AUXILIAR ADMINISTRATIVO\/A DE BIENESTAR SOCIAL<\/a><\/p><p><a href=\"https:\/\/www.cuadrilladeayala.eus\/wp-content\/uploads\/2023\/11\/DECRETO-95-23-11-23-Relacion-de-personas-aspirantes-admitidas-y-excluidas-y-puntuacion-provisional-para-la-plaza-de-administrativo-a-de-archivo-EUS-CAS.pdf\" target=\"_blank\" rel=\"noopener\"> RELACI\u00d3N DEFINITIVA DE PERSONAS ASPIRANTES ADMITIDAS Y EXCLUIDAS PLAZA ADMINISTRATIVO\/A DE ARCHIVO<\/a><\/p><p><a href=\"https:\/\/www.cuadrilladeayala.eus\/wp-content\/uploads\/2023\/11\/Iragarkia-euskara-ahozko-proba-Anuncio-prueba-oral-de-euskera.pdf\" target=\"_blank\" rel=\"noopener\">ANUNCIO CONVOCATORIA A PRUEBA ORAL DE EUSKERA OEP 2022 DE ESTABILIZACI\u00d3N EXCEPCIONAL (CONCURSO) DE LA Cuadrilla de Aiaraldea<\/a><\/p><p><a href=\"https:\/\/www.cuadrilladeayala.eus\/wp-content\/uploads\/2023\/11\/Iragarkia-euskara-proban-gai-diren-ez-diren-pertsonen-zerrenda-Anuncio-listado-personas-aptas-no-aptas-en-la-prueba-de-euskera.pdf\" target=\"_blank\" rel=\"noopener\">ANUNCIO LISTADO PERSONAS APTAS\/NO APTAS EN LA PRUEBA DE EUSKERA DE LA CONVOCATORIA UNIFICADA PARA \u00c1LAVA CELEBRADA EN EL MARCO DE LA OEP 2022 DE ESTABILIZACI\u00d3N EXCEPCIONAL (CONCURSO) DE LA Cuadrilla de Aiaraldea<\/a><\/p><p><a href=\"https:\/\/www.cuadrilladeayala.eus\/wp-content\/uploads\/2023\/11\/DECRETO-93-23-11-23-Relacion-de-personas-aspirantes-admitidas-y-excluidas-y-puntuacion-provisional-para-la-plaza-de-auxiliar-administrativo-a-EUS-CAS.pdf\" target=\"_blank\" rel=\"noopener\">ANUNCIO BOTHA CON<\/a><a href=\"https:\/\/www.cuadrilladeayala.eus\/wp-content\/uploads\/2023\/12\/Anuncio-Adtiva-o-archivo.pdf\" target=\"_blank\" rel=\"noopener\"> LA RELACI\u00d3N DEFINITIVA DE PERSONAS ASPIRANTES ADMITIDAS Y EXCLUIDAS PLAZA ADMINISTRATIVO\/A DE ARCHIVO\u00a0<\/a><\/p><p><a href=\"https:\/\/www.cuadrilladeayala.eus\/wp-content\/uploads\/2023\/11\/DECRETO-93-23-11-23-Relacion-de-personas-aspirantes-admitidas-y-excluidas-y-puntuacion-provisional-para-la-plaza-de-auxiliar-administrativo-a-EUS-CAS.pdf\" target=\"_blank\" rel=\"noopener\">ANUNCIO BOTHA CON<\/a><a href=\"https:\/\/www.cuadrilladeayala.eus\/wp-content\/uploads\/2023\/12\/Anuncio-Auxiliar-adtiva-o-bs.pdf\" target=\"_blank\" rel=\"noopener\"> LA RELACI\u00d3N DEFINITIVA DE PERSONAS ASPIRANTES ADMITIDAS Y EXCLUIDAS PLAZA DE AUXILIAR\u00a0 ADMINISTRATIVO\/A DE BIENESTAR SOCIAL<\/a><\/p><p><a href=\"https:\/\/www.cuadrilladeayala.eus\/wp-content\/uploads\/2023\/11\/DECRETO-93-23-11-23-Relacion-de-personas-aspirantes-admitidas-y-excluidas-y-puntuacion-provisional-para-la-plaza-de-auxiliar-administrativo-a-EUS-CAS.pdf\" target=\"_blank\" rel=\"noopener\">ANUNCIO BOTHA CON<\/a><a href=\"https:\/\/www.cuadrilladeayala.eus\/wp-content\/uploads\/2023\/12\/Anuncio-Auxiliar-adtiva-o.pdf\" target=\"_blank\" rel=\"noopener\"> LA RELACI\u00d3N DEFINITIVA DE PERSONAS ASPIRANTES ADMITIDAS Y EXCLUIDAS PLAZA AUXILIAR ADMINISTRATIVO\/A<\/a><\/p><p><a href=\"https:\/\/www.cuadrilladeayala.eus\/wp-content\/uploads\/2023\/12\/ERANSKINA-ANEXO-II.pdf\" target=\"_blank\" rel=\"noopener\">ANEXO II<\/a><\/p><p><a href=\"https:\/\/www.cuadrilladeayala.eus\/wp-content\/uploads\/2024\/03\/DECRETO-24-18-03-24-Relacion-de-personas-aspirantes-admitidas-y-excluidas-y-puntuacion-provisional-para-la-plaza-de-animador-a-sociocultural-EUS-CAS.pdf\" target=\"_blank\" rel=\"noopener\">RELACI\u00d3N DEFINITIVA DE PERSONAS ASPIRANTES ADMITIDAS Y EXCLUIDAS PLAZA ANIMADOR\/A SOCIOCULTURAL<\/a><\/p><p><a href=\"https:\/\/www.cuadrilladeayala.eus\/wp-content\/uploads\/2024\/03\/DECRETO-25-18-03-24-Relacion-de-personas-aspirantes-admitidas-y-excluidas-y-puntuacion-provisional-para-la-plaza-de-aparejador-a-EUS-CAS.pdf\" target=\"_blank\" rel=\"noopener\">RELACI\u00d3N DEFINITIVA DE PERSONAS ASPIRANTES ADMITIDAS Y EXCLUIDAS PLAZA APAREJADOR\/A<\/a><\/p><p><a href=\"https:\/\/www.cuadrilladeayala.eus\/wp-content\/uploads\/2024\/03\/DECRETO-26-18-03-24-Relacion-de-personas-aspirantes-admitidas-y-excluidas-y-puntuacion-provisional-para-la-plaza-de-arquitecto-a-EUS-CAS.pdf\" target=\"_blank\" rel=\"noopener\">RELACI\u00d3N DEFINITIVA DE PERSONAS ASPIRANTES ADMITIDAS Y EXCLUIDAS PLAZA ARQUITECTO\/A<\/a><\/p><p><a href=\"https:\/\/www.cuadrilladeayala.eus\/wp-content\/uploads\/2024\/03\/DECRETO-27-18-03-24-Relacion-de-personas-aspirantes-admitidas-y-excluidas-y-puntuacion-provisional-para-la-plaza-de-normalizador-a-EUS-CAS.pdf\" target=\"_blank\" rel=\"noopener\">RELACI\u00d3N DEFINITIVA DE PERSONAS ASPIRANTES ADMITIDAS Y EXCLUIDAS PLAZA NORMALIZADOR\/A<\/a><\/p><p><a href=\"https:\/\/www.cuadrilladeayala.eus\/wp-content\/uploads\/2024\/03\/DECRETO-28-18-03-24-Relacion-de-personas-aspirantes-admitidas-y-excluidas-y-puntuacion-provisional-para-la-plaza-de-promotor-a-economico-a-EUS-CAS.pdf\" target=\"_blank\" rel=\"noopener\">RELACI\u00d3N DEFINITIVA DE PERSONAS ASPIRANTES ADMITIDAS Y EXCLUIDAS PLAZA PROMOTOR\/A ECON\u00d3MICO\/A<\/a><\/p><p><a href=\"https:\/\/www.cuadrilladeayala.eus\/wp-content\/uploads\/2024\/03\/DECRETO-29-18-03-24-Relacion-de-personas-aspirantes-admitidas-y-excluidas-y-puntuacion-provisional-para-la-plaza-de-tecnica-o-medioambiente-al-EUS-CAS.pdf\" target=\"_blank\" rel=\"noopener\">RELACI\u00d3N DEFINITIVA DE PERSONAS ASPIRANTES ADMITIDAS Y EXCLUIDAS PLAZA T\u00c9CNICO\/A MEDIO AMBIENTE<\/a><\/p><p><a href=\"https:\/\/www.cuadrilladeayala.eus\/wp-content\/uploads\/2024\/03\/Anuncio-animador-a-sociocultural.pdf\" target=\"_blank\" rel=\"noopener\">ANUNCIO BOTHA CON LA RELACI\u00d3N DEFINITIVA DE PERSONAS ASPIRANTES ADMITIDAS Y EXCLUIDAS PLAZA ANIMADOR\/A SOCIOCULTURAL<\/a><\/p><p><a href=\"https:\/\/www.cuadrilladeayala.eus\/wp-content\/uploads\/2024\/03\/Anuncio-aparejador-a.pdf\" target=\"_blank\" rel=\"noopener\">ANUNCIO BOTHA CON LA RELACI\u00d3N DEFINITIVA DE PERSONAS ASPIRANTES ADMITIDAS Y EXCLUIDAS PLAZA APAREJADOR\/A<\/a><\/p><p><a href=\"https:\/\/www.cuadrilladeayala.eus\/wp-content\/uploads\/2024\/03\/Anuncio-arquitecta-o.pdf\" target=\"_blank\" rel=\"noopener\">ANUNCIO BOTHA CON LA RELACI\u00d3N DEFINITIVA DE PERSONAS ASPIRANTES ADMITIDAS Y EXCLUIDAS PLAZA ARQUITECTO\/A<\/a><\/p><p><a href=\"https:\/\/www.cuadrilladeayala.eus\/wp-content\/uploads\/2024\/03\/Anuncio-normalizador-a.pdf\" target=\"_blank\" rel=\"noopener\">ANUNCIO BOTHA CON LA RELACI\u00d3N DEFINITIVA DE PERSONAS ASPIRANTES ADMITIDAS Y EXCLUIDAS PLAZA NORMALIZADOR\/A<\/a><\/p><p><a href=\"https:\/\/www.cuadrilladeayala.eus\/wp-content\/uploads\/2024\/03\/Anuncio-promotor-a-economico-a.pdf\" target=\"_blank\" rel=\"noopener\">ANUNCIO BOTHA CON LA RELACI\u00d3N DEFINITIVA DE PERSONAS ASPIRANTES ADMITIDAS Y EXCLUIDAS PLAZA PROMOTOR\/A ECON\u00d3MICO\/A<\/a><\/p><p><a href=\"https:\/\/www.cuadrilladeayala.eus\/wp-content\/uploads\/2024\/03\/Anuncio-tecnica-o-medioambiente.pdf\" target=\"_blank\" rel=\"noopener\">ANUNCIO BOTHA CON LA RELACI\u00d3N DEFINITIVA DE PERSONAS ASPIRANTES ADMITIDAS Y EXCLUIDAS PLAZA T\u00c9CNICO\/A MEDIO AMBIENTE<\/a><\/p><p><a href=\"https:\/\/www.cuadrilladeayala.eus\/wp-content\/uploads\/2024\/06\/Nota-informativa-Animador-Sociocultural-Cuadrilla-de-Ayala.pdf\" target=\"_blank\" rel=\"noopener\">NOTA INFORMATIVA ANIMADOR\/A SOCIOCULTURAL Cuadrilla de Aiaraldea\u00a0<\/a><\/p><p><a href=\"https:\/\/www.cuadrilladeayala.eus\/wp-content\/uploads\/2024\/06\/Nota-informativa-Aparejador-a-jornada-parcial.-Cuadrilla-de-Ayala.pdf\" target=\"_blank\" rel=\"noopener\">NOTA INFORMATIVA APAREJADOR\/A A JORNADA PARCIAL Cuadrilla de Aiaraldea<\/a><\/p><p><a href=\"https:\/\/www.cuadrilladeayala.eus\/wp-content\/uploads\/2024\/06\/Nota-informativa-Normalizador-de-Politica-Linguistica-Cuadrilla-de-Ayala.pdf\" target=\"_blank\" rel=\"noopener\">NOTA INFORMATIVA NORMALIZADOR\/A DE POL\u00cdTICA LING\u00dc\u00cdSTICA Cuadrilla de Aiaraldea<\/a><\/p><p><a href=\"https:\/\/www.cuadrilladeayala.eus\/wp-content\/uploads\/2024\/06\/Nota-informativa-Promotor-Economico-Cuadrilla-de-Ayala.pdf\" target=\"_blank\" rel=\"noopener\">NOTA INFORMATIVA PROMOTOR\/A ECONOMICO Cuadrilla de Aiaraldea<\/a><\/p><p><a href=\"https:\/\/www.cuadrilladeayala.eus\/wp-content\/uploads\/2024\/06\/Nota-informativa-Tecnico-polivalente-de-urbanismoobras-publicas-y-medio-ambiente.Cuadrilla-de-Ayala.pdf\" target=\"_blank\" rel=\"noopener\">NOTA INFORMATIVA T\u00c9CNICO\/A POLIVALENTE DE URBANISMO, OBRAS P\u00daBLICAS Y MEDIO AMBIENTE Cuadrilla de Aiaraldea<\/a><\/p><p><a href=\"https:\/\/www.cuadrilladeayala.eus\/wp-content\/uploads\/2024\/06\/nota-informativa-arquitecto-cuadrilla-ayala.pdf\" target=\"_blank\" rel=\"noopener\">NOTA INFORMATIVA ARQUITECTO\/A Cuadrilla de Aiaraldea<\/a><\/p><p><a href=\"https:\/\/www.cuadrilladeayala.eus\/wp-content\/uploads\/2024\/07\/nota-informativo-Administrativo-Cuadrilla-de-Ayala.pdf\">NOTA INFORMATIVA ADMINISTRATIVO\/A DE ARCHIVO DE LA Cuadrilla de Aiaraldea<\/a><\/p><p><a href=\"https:\/\/www.cuadrilladeayala.eus\/wp-content\/uploads\/2024\/07\/nota-informativo-Aux-Administrativo-bienesrar-social-Cuadrilla-de-Ayala.pdf\">NOTA INFORMATIVA AUXILIAR ADMINISTRATIVO\/A DE BIENESTAR SOCIAL DE LA Cuadrilla de Aiaraldea<\/a><\/p><p><a href=\"https:\/\/www.cuadrilladeayala.eus\/wp-content\/uploads\/2024\/07\/nota-informativo-Aux-Administrativo-Cuadrilla-de-Ayala.pdf\">NOTA INFORMATIVA AUXILIAR ADMINISTRATIVO\/A DE\u00a0 DE LA Cuadrilla de Aiaraldea\u00a0<\/a><\/p><p>\u00a0<\/p><p>\u00a0<\/p><p>\u00a0<\/p>\t\t\t\t\t<\/div>\n\t\t\t\t\t\t<\/div>\n\t\t\t\t<\/div>\n\t\t\t\t\t\t<\/div>\n\t\t\t\t\t<\/div>\n\t\t<\/div>\n\t\t\t\t\t\t\t\t<\/div>\n\t\t\t\t\t<\/div>\n\t\t<\/section>\n\t\t\t\t\t\t\t\t\t<\/div>\n\t\t\t<\/div>\n\t\t\t\t\t<\/div>\n\t\t","protected":false},"excerpt":{"rendered":"<p>IRAGARKIA BOE-A-2024-9203 LEHIAKETA OPOSIZIORAKO DEIALDIA IZENA EMATEKO ESKAERA BERDINTASUN AUTOBAREMAZIO INPRIMAKI I. ERANSKINA ORDENANTZA, AZTERKETARAKO TASAK OINARRIAK ETA LEHIAKETAREN DEIALDIA OINARRIAK ETA LEHIAKETA-OPOSIZIORAKO DEIALDIA LEHIAKETAREN DEIALDIKO HUTSEN ZUZENKETA LEHIAKETARAKO DEIALDIAREN HUTSEN ZUZENKETA OPOSIZIO-LEHIAKETAREN DEIALDIKO HUTSEN ZUZENKETA IZENA EMATEKO ESKAERA IRAGARKIA BOE-A-2023-9571 LEHIAKETA DEIALDIA ONARTUTAKO ETA BAZTERTUTAKO IZANGAIEN BEHIN-BEHINEKO ZERRENDA ADMINISTRARI LAGUNTZAILE LANPOSTURAKO IZANGAI ONARTUEN ETA [&hellip;]<\/p>\n","protected":false},"author":8,"featured_media":0,"parent":0,"menu_order":0,"comment_status":"closed","ping_status":"closed","template":"","meta":{"_genesis_hide_title":false,"_genesis_hide_breadcrumbs":false,"_genesis_hide_singular_image":false,"_genesis_hide_footer_widgets":false,"_genesis_custom_body_class":"","_genesis_custom_post_class":"","_genesis_layout":"","footnotes":""},"class_list":{"0":"post-4774","1":"page","2":"type-page","3":"status-publish","5":"entry"},"_links":{"self":[{"href":"https:\/\/www.cuadrilladeayala.eus\/eu\/wp-json\/wp\/v2\/pages\/4774","targetHints":{"allow":["GET"]}}],"collection":[{"href":"https:\/\/www.cuadrilladeayala.eus\/eu\/wp-json\/wp\/v2\/pages"}],"about":[{"href":"https:\/\/www.cuadrilladeayala.eus\/eu\/wp-json\/wp\/v2\/types\/page"}],"author":[{"embeddable":true,"href":"https:\/\/www.cuadrilladeayala.eus\/eu\/wp-json\/wp\/v2\/users\/8"}],"replies":[{"embeddable":true,"href":"https:\/\/www.cuadrilladeayala.eus\/eu\/wp-json\/wp\/v2\/comments?post=4774"}],"version-history":[{"count":52,"href":"https:\/\/www.cuadrilladeayala.eus\/eu\/wp-json\/wp\/v2\/pages\/4774\/revisions"}],"predecessor-version":[{"id":6681,"href":"https:\/\/www.cuadrilladeayala.eus\/eu\/wp-json\/wp\/v2\/pages\/4774\/revisions\/6681"}],"wp:attachment":[{"href":"https:\/\/www.cuadrilladeayala.eus\/eu\/wp-json\/wp\/v2\/media?parent=4774"}],"curies":[{"name":"wp","href":"https:\/\/api.w.org\/{rel}","templated":true}]}}