{"id":4938,"date":"2017-07-19T19:08:20","date_gmt":"2017-07-19T19:08:20","guid":{"rendered":"https:\/\/www.cuadrilladeayala.eus\/zerbitzuak\/ingurumena\/hondakinak\/normativa\/"},"modified":"2023-04-26T12:56:16","modified_gmt":"2023-04-26T10:56:16","slug":"araudia","status":"publish","type":"page","link":"https:\/\/www.cuadrilladeayala.eus\/eu\/zerbitzuak\/ingurumena\/hondakinak\/araudia\/","title":{"rendered":"Araudia"},"content":{"rendered":"\t\t<div data-elementor-type=\"wp-page\" data-elementor-id=\"4938\" class=\"elementor elementor-4938 elementor-221\">\n\t\t\t\t\t\t<div class=\"elementor-inner\">\n\t\t\t\t<div class=\"elementor-section-wrap\">\n\t\t\t\t\t\t\t\t\t<section class=\"elementor-section elementor-top-section elementor-element elementor-element-6e5c25c9 elementor-section-boxed elementor-section-height-default elementor-section-height-default\" data-id=\"6e5c25c9\" data-element_type=\"section\">\n\t\t\t\t\t\t<div class=\"elementor-container elementor-column-gap-default\">\n\t\t\t\t\t\t\t<div class=\"elementor-row\">\n\t\t\t\t\t<div class=\"elementor-column elementor-col-100 elementor-top-column elementor-element elementor-element-55fd1310\" data-id=\"55fd1310\" data-element_type=\"column\">\n\t\t\t<div class=\"elementor-column-wrap elementor-element-populated\">\n\t\t\t\t\t\t\t<div class=\"elementor-widget-wrap\">\n\t\t\t\t\t\t<div class=\"elementor-element elementor-element-45a2c41 elementor-widget elementor-widget-text-editor\" data-id=\"45a2c41\" data-element_type=\"widget\" data-widget_type=\"text-editor.default\">\n\t\t\t\t<div class=\"elementor-widget-container\">\n\t\t\t\t\t\t\t\t<div class=\"elementor-text-editor elementor-clearfix\">\n\t\t\t\t<ul>\n<li><a href=\"https:\/\/www.cuadrilladeayala.eus\/wp-content\/uploads\/2017\/07\/ordenanzagestionru.pdf\">Ordenanza reguladora del servicio<\/a>.<\/li>\n<li><a href=\"https:\/\/www.cuadrilladeayala.eus\/wp-content\/uploads\/2017\/07\/plan-de-gestion-de-los-residuos-urbanos.pdf\" target=\"_blank\" rel=\"noopener\">Plan de Gesti\u00f3n de los Residuos Urbanos del Territorio Hist\u00f3rico de \u00c1lava 2006-2016<\/a>.<\/li>\n<li><a href=\"https:\/\/www.cuadrilladeayala.eus\/wp-content\/uploads\/2017\/07\/documento-de-directrices-para-la-planificacion-y-gestion-de-los-residuos-urbanos-en-la-CAPV.pdf\" target=\"_blank\" rel=\"noopener\">Documento de Directrices para la Planificaci\u00f3n y Gesti\u00f3n de los Residuos Urbanos en la CAPV<\/a>.<\/li>\n<li><a href=\"https:\/\/www.cuadrilladeayala.eus\/wp-content\/uploads\/2017\/07\/borrador_anteproyecto_residuos_10junio.pdf\" target=\"_blank\" rel=\"noopener\">Anteproyecto de Ley de Residuos y Suelos Contaminados. Versi\u00f3n Junio de 2010<\/a>.<\/li>\n<li><a href=\"http:\/\/o https:\/\/www.cuadrilladeayala.eus\/wp-content\/uploads\/2023\/02\/BOE-A-2022-5809-consolidado.pdf\" target=\"_blank\" rel=\"noopener\">Nueva ley de residuos<\/a><\/li>\n<li><a href=\"https:\/\/www.cuadrilladeayala.eus\/wp-content\/uploads\/2023\/02\/NF-Plan-PG-Residuos-Urbanos.pdf\" target=\"_blank\">Plan de residuos de \u00c1lava<\/a><br><\/li>\n<\/ul>\n<div><span style=\"font-family: 'Source Sans Pro', sans-serif;\"><b>&nbsp;Email:&nbsp;<\/b><\/span><a style=\"background-color: #ffffff; font-family: 'Source Sans Pro', sans-serif;\" href=\"mailto:cayala.aintzane@ayto.araba.eus\">cayala.aintzane@ayto.araba.eus<\/a><\/div>\t\t\t\t\t<\/div>\n\t\t\t\t\t\t<\/div>\n\t\t\t\t<\/div>\n\t\t\t\t\t\t<\/div>\n\t\t\t\t\t<\/div>\n\t\t<\/div>\n\t\t\t\t\t\t\t\t<\/div>\n\t\t\t\t\t<\/div>\n\t\t<\/section>\n\t\t\t\t\t\t\t\t\t<\/div>\n\t\t\t<\/div>\n\t\t\t\t\t<\/div>\n\t\t","protected":false},"excerpt":{"rendered":"<p>7\/2022 Legea, apirilaren 8koa, Ekonomia zirkular baterako hondakinena eta lurzoru kutsatuena EAEko Hondakinak Prebenitzeo eta Kudeatzeko 2030 Plana BOE Arabako Hiri Hondakinen Prebentzio eta Kudeaketa Plana, 2017-2030 Zerbitzua arautzen duen ordenantza<\/p>\n","protected":false},"author":9,"featured_media":0,"parent":4936,"menu_order":0,"comment_status":"closed","ping_status":"closed","template":"","meta":{"_genesis_hide_title":false,"_genesis_hide_breadcrumbs":false,"_genesis_hide_singular_image":false,"_genesis_hide_footer_widgets":false,"_genesis_custom_body_class":"","_genesis_custom_post_class":"","_genesis_layout":"sidebar-content","footnotes":""},"class_list":{"0":"post-4938","1":"page","2":"type-page","3":"status-publish","5":"entry"},"_links":{"self":[{"href":"https:\/\/www.cuadrilladeayala.eus\/eu\/wp-json\/wp\/v2\/pages\/4938","targetHints":{"allow":["GET"]}}],"collection":[{"href":"https:\/\/www.cuadrilladeayala.eus\/eu\/wp-json\/wp\/v2\/pages"}],"about":[{"href":"https:\/\/www.cuadrilladeayala.eus\/eu\/wp-json\/wp\/v2\/types\/page"}],"author":[{"embeddable":true,"href":"https:\/\/www.cuadrilladeayala.eus\/eu\/wp-json\/wp\/v2\/users\/9"}],"replies":[{"embeddable":true,"href":"https:\/\/www.cuadrilladeayala.eus\/eu\/wp-json\/wp\/v2\/comments?post=4938"}],"version-history":[{"count":2,"href":"https:\/\/www.cuadrilladeayala.eus\/eu\/wp-json\/wp\/v2\/pages\/4938\/revisions"}],"predecessor-version":[{"id":5017,"href":"https:\/\/www.cuadrilladeayala.eus\/eu\/wp-json\/wp\/v2\/pages\/4938\/revisions\/5017"}],"up":[{"embeddable":true,"href":"https:\/\/www.cuadrilladeayala.eus\/eu\/wp-json\/wp\/v2\/pages\/4936"}],"wp:attachment":[{"href":"https:\/\/www.cuadrilladeayala.eus\/eu\/wp-json\/wp\/v2\/media?parent=4938"}],"curies":[{"name":"wp","href":"https:\/\/api.w.org\/{rel}","templated":true}]}}