{"id":4947,"date":"2017-07-19T18:05:32","date_gmt":"2017-07-19T18:05:32","guid":{"rendered":"https:\/\/www.cuadrilladeayala.eus\/zerbitzuak\/ingurumena\/campanas-y-formacion\/"},"modified":"2023-04-25T14:58:44","modified_gmt":"2023-04-25T12:58:44","slug":"ingurumenari-buruzko-kontzientziazio-kanpainak","status":"publish","type":"page","link":"https:\/\/www.cuadrilladeayala.eus\/eu\/zerbitzuak\/ingurumena\/ingurumenari-buruzko-kontzientziazio-kanpainak\/","title":{"rendered":"Ingurumenari buruzko kontzientziazio-kanpainak"},"content":{"rendered":"\t\t<div data-elementor-type=\"wp-page\" data-elementor-id=\"4947\" class=\"elementor elementor-4947 elementor-192\">\n\t\t\t\t\t\t<div class=\"elementor-inner\">\n\t\t\t\t<div class=\"elementor-section-wrap\">\n\t\t\t\t\t\t\t\t\t<section class=\"elementor-section elementor-top-section elementor-element elementor-element-38395ffd elementor-section-boxed elementor-section-height-default elementor-section-height-default\" data-id=\"38395ffd\" data-element_type=\"section\">\n\t\t\t\t\t\t<div class=\"elementor-container elementor-column-gap-default\">\n\t\t\t\t\t\t\t<div class=\"elementor-row\">\n\t\t\t\t\t<div class=\"elementor-column elementor-col-100 elementor-top-column elementor-element elementor-element-3e7d8208\" data-id=\"3e7d8208\" data-element_type=\"column\">\n\t\t\t<div class=\"elementor-column-wrap elementor-element-populated\">\n\t\t\t\t\t\t\t<div class=\"elementor-widget-wrap\">\n\t\t\t\t\t\t<div class=\"elementor-element elementor-element-546e9f4a elementor-widget elementor-widget-text-editor\" data-id=\"546e9f4a\" data-element_type=\"widget\" data-widget_type=\"text-editor.default\">\n\t\t\t\t<div class=\"elementor-widget-container\">\n\t\t\t\t\t\t\t\t<div class=\"elementor-text-editor elementor-clearfix\">\n\t\t\t\t<p>En el \u00e1rea de comunicaci\u00f3n y formaci\u00f3n el departamento de Medio Ambiente lleva a cabo diversas campa\u00f1as de concienciaci\u00f3n. Entre estas cabe destacar las siguientes:<\/p>\n<p>\t\t\t\t<img  title=\"\" decoding=\"async\" data-src=\"https:\/\/www.cuadrilladeayala.eus\/wp-content\/uploads\/2017\/07\/aceites.jpg\"  alt=\"aceites Ingurumenari buruzko kontzientziazio-kanpainak\"  itemprop=\"image\" src=\"data:image\/svg+xml;base64,PHN2ZyB3aWR0aD0iMSIgaGVpZ2h0PSIxIiB4bWxucz0iaHR0cDovL3d3dy53My5vcmcvMjAwMC9zdmciPjwvc3ZnPg==\" class=\"lazyload\" style=\"--smush-placeholder-width: 100px; --smush-placeholder-aspect-ratio: 100\/90;\"><\/p>\n<h5>\n\t\tAceites<br>\n\t<\/h5>\n<p>\t\t\t\t<img  title=\"\" decoding=\"async\" data-src=\"https:\/\/www.cuadrilladeayala.eus\/wp-content\/uploads\/2017\/07\/bolsas-de-reciclaje.jpg\"  alt=\"bolsas-de-reciclaje Ingurumenari buruzko kontzientziazio-kanpainak\"  itemprop=\"image\" src=\"data:image\/svg+xml;base64,PHN2ZyB3aWR0aD0iMSIgaGVpZ2h0PSIxIiB4bWxucz0iaHR0cDovL3d3dy53My5vcmcvMjAwMC9zdmciPjwvc3ZnPg==\" class=\"lazyload\" style=\"--smush-placeholder-width: 100px; --smush-placeholder-aspect-ratio: 100\/90;\"><\/p>\n<h5>\n\t\tBolsas de reciclaje<br>\n\t<\/h5>\n<p>\t\t\t\t<img  title=\"\" decoding=\"async\" data-src=\"https:\/\/www.cuadrilladeayala.eus\/wp-content\/uploads\/2017\/07\/bolsas-reutilizables-1.jpg\"  alt=\"bolsas-reutilizables-1 Ingurumenari buruzko kontzientziazio-kanpainak\"  itemprop=\"image\" src=\"data:image\/svg+xml;base64,PHN2ZyB3aWR0aD0iMSIgaGVpZ2h0PSIxIiB4bWxucz0iaHR0cDovL3d3dy53My5vcmcvMjAwMC9zdmciPjwvc3ZnPg==\" class=\"lazyload\" style=\"--smush-placeholder-width: 100px; --smush-placeholder-aspect-ratio: 100\/90;\"><\/p>\n<h5>\n\t\tBolsas reutilizables<br>\n\t<\/h5>\n<p>\t\t\t\t<img  title=\"\" decoding=\"async\" data-src=\"https:\/\/www.cuadrilladeayala.eus\/wp-content\/uploads\/2017\/07\/mascotas.jpg\"  alt=\"mascotas Ingurumenari buruzko kontzientziazio-kanpainak\"  itemprop=\"image\" src=\"data:image\/svg+xml;base64,PHN2ZyB3aWR0aD0iMSIgaGVpZ2h0PSIxIiB4bWxucz0iaHR0cDovL3d3dy53My5vcmcvMjAwMC9zdmciPjwvc3ZnPg==\" class=\"lazyload\" style=\"--smush-placeholder-width: 100px; --smush-placeholder-aspect-ratio: 100\/90;\"><\/p>\n<h4>\n\t\tMascotas<br>\n\t<\/h4>\n<p>\t\t\t\t<img  title=\"\" decoding=\"async\" data-src=\"https:\/\/www.cuadrilladeayala.eus\/wp-content\/uploads\/2017\/07\/recogida-papel.jpg\"  alt=\"recogida-papel Ingurumenari buruzko kontzientziazio-kanpainak\"  itemprop=\"image\" src=\"data:image\/svg+xml;base64,PHN2ZyB3aWR0aD0iMSIgaGVpZ2h0PSIxIiB4bWxucz0iaHR0cDovL3d3dy53My5vcmcvMjAwMC9zdmciPjwvc3ZnPg==\" class=\"lazyload\" style=\"--smush-placeholder-width: 100px; --smush-placeholder-aspect-ratio: 100\/90;\"><\/p>\n<h5>\n\t\tRecogida de papel<br>\n\t<\/h5>\n<p>Campa\u00f1a destinada a promover el reciclado de aceite domiciliario. Como detalle se obsequi\u00f3 con un recipiente para reciclar aceite.<\/p>\n<ul>\n<li><a href=\"https:\/\/www.cuadrilladeayala.eus\/wp-content\/uploads\/2017\/07\/campania_de_reciclaje_de-aceite-cartel-cuadrilla_de_ayala.pdf\" target=\"_blank\" rel=\"noopener\">Descargar el cartel<\/a>.<\/li>\n<li><a href=\"https:\/\/www.cuadrilladeayala.eus\/wp-content\/uploads\/2017\/07\/campania_de_reciclaje_de_aceite-triptico_cuadrilla_de_ayala.pdf\" target=\"_blank\" rel=\"noopener\">Descargar el tr\u00edptico<\/a>.<\/li>\n<li><a href=\"https:\/\/www.cuadrilladeayala.eus\/wp-content\/uploads\/2017\/07\/campania_de_reciclaje_de_aceite-etiqueta-cuadrilla_de_ayala.pdf\" target=\"_blank\" rel=\"noopener\">Descargar la etiqueta<\/a>.<\/li>\n<li><a href=\"https:\/\/www.cuadrilladeayala.eus\/wp-content\/uploads\/2017\/07\/campania_de_reciclaje_de_aceite-display-cuadrilla_de_ayala.pdf\" target=\"_blank\" rel=\"noopener\">Descargar el display<\/a>.<\/li>\n<\/ul>\n<p>Campa\u00f1a destinada a promover el empleo de bolsas de reciclaje.<\/p>\n<ul>\n<li><a href=\"https:\/\/www.cuadrilladeayala.eus\/wp-content\/uploads\/2017\/07\/display_bolsas_de_reciclaje-cuadrilla_de_ayala.pdf\" target=\"_blank\" rel=\"noopener\">Descargar display<\/a>.<\/li>\n<li><a href=\"https:\/\/www.cuadrilladeayala.eus\/wp-content\/uploads\/2017\/07\/bolsas_reciclaje_imagen-cuadrilla_de_ayala.pdf\" target=\"_blank\" rel=\"noopener\">Descargar imagen de bolsas de reciclaje<\/a>.<\/li>\n<\/ul>\n<p>Desc\u00e1rgate el <a href=\"https:\/\/www.cuadrilladeayala.eus\/wp-content\/uploads\/2017\/07\/manual_de_compostaje-cuadrilla_de_ayala.pdf\" target=\"_blank\" rel=\"noopener\">manual de compostaje<\/a>.<\/p><p><span style=\"font-family: &quot;Source Sans Pro&quot;, sans-serif;\">&nbsp;<b>Email:&nbsp;<\/b><\/span><a href=\"mailto:cayala.aintzane@ayto.araba.eus\" style=\"background-color: rgb(255, 255, 255); font-family: &quot;Source Sans Pro&quot;, sans-serif;\">cayala.aintzane@ayto.araba.eus<\/a><br><\/p>\t\t\t\t\t<\/div>\n\t\t\t\t\t\t<\/div>\n\t\t\t\t<\/div>\n\t\t\t\t\t\t<\/div>\n\t\t\t\t\t<\/div>\n\t\t<\/div>\n\t\t\t\t\t\t\t\t<\/div>\n\t\t\t\t\t<\/div>\n\t\t<\/section>\n\t\t\t\t\t\t\t\t\t<\/div>\n\t\t\t<\/div>\n\t\t\t\t\t<\/div>\n\t\t","protected":false},"excerpt":{"rendered":"<p>Materia organikoaren bilketa Ontzi arinen bilketa Konpostajea\u00a0<\/p>\n","protected":false},"author":9,"featured_media":0,"parent":4934,"menu_order":0,"comment_status":"closed","ping_status":"closed","template":"","meta":{"_genesis_hide_title":false,"_genesis_hide_breadcrumbs":false,"_genesis_hide_singular_image":false,"_genesis_hide_footer_widgets":false,"_genesis_custom_body_class":"","_genesis_custom_post_class":"","_genesis_layout":"sidebar-content","footnotes":""},"class_list":{"0":"post-4947","1":"page","2":"type-page","3":"status-publish","5":"entry"},"_links":{"self":[{"href":"https:\/\/www.cuadrilladeayala.eus\/eu\/wp-json\/wp\/v2\/pages\/4947","targetHints":{"allow":["GET"]}}],"collection":[{"href":"https:\/\/www.cuadrilladeayala.eus\/eu\/wp-json\/wp\/v2\/pages"}],"about":[{"href":"https:\/\/www.cuadrilladeayala.eus\/eu\/wp-json\/wp\/v2\/types\/page"}],"author":[{"embeddable":true,"href":"https:\/\/www.cuadrilladeayala.eus\/eu\/wp-json\/wp\/v2\/users\/9"}],"replies":[{"embeddable":true,"href":"https:\/\/www.cuadrilladeayala.eus\/eu\/wp-json\/wp\/v2\/comments?post=4947"}],"version-history":[{"count":2,"href":"https:\/\/www.cuadrilladeayala.eus\/eu\/wp-json\/wp\/v2\/pages\/4947\/revisions"}],"predecessor-version":[{"id":4998,"href":"https:\/\/www.cuadrilladeayala.eus\/eu\/wp-json\/wp\/v2\/pages\/4947\/revisions\/4998"}],"up":[{"embeddable":true,"href":"https:\/\/www.cuadrilladeayala.eus\/eu\/wp-json\/wp\/v2\/pages\/4934"}],"wp:attachment":[{"href":"https:\/\/www.cuadrilladeayala.eus\/eu\/wp-json\/wp\/v2\/media?parent=4947"}],"curies":[{"name":"wp","href":"https:\/\/api.w.org\/{rel}","templated":true}]}}