{"id":4956,"date":"2017-07-19T13:22:37","date_gmt":"2017-07-19T13:22:37","guid":{"rendered":"https:\/\/www.cuadrilladeayala.eus\/zerbitzuak\/ingurumena\/movilidad-sostenible\/"},"modified":"2023-10-24T11:59:09","modified_gmt":"2023-10-24T09:59:09","slug":"mugikortasun-jasangarria","status":"publish","type":"page","link":"https:\/\/www.cuadrilladeayala.eus\/eu\/zerbitzuak\/ingurumena\/mugikortasun-jasangarria\/","title":{"rendered":"Mugikortasun jasangarria"},"content":{"rendered":"\t\t<div data-elementor-type=\"wp-page\" data-elementor-id=\"4956\" class=\"elementor elementor-4956 elementor-180\">\n\t\t\t\t\t\t<div class=\"elementor-inner\">\n\t\t\t\t<div class=\"elementor-section-wrap\">\n\t\t\t\t\t\t\t\t\t<section class=\"elementor-section elementor-top-section elementor-element elementor-element-1ba9a60d elementor-section-boxed elementor-section-height-default elementor-section-height-default\" data-id=\"1ba9a60d\" data-element_type=\"section\">\n\t\t\t\t\t\t<div class=\"elementor-container elementor-column-gap-default\">\n\t\t\t\t\t\t\t<div class=\"elementor-row\">\n\t\t\t\t\t<div class=\"elementor-column elementor-col-100 elementor-top-column elementor-element elementor-element-7850f247\" data-id=\"7850f247\" data-element_type=\"column\">\n\t\t\t<div class=\"elementor-column-wrap elementor-element-populated\">\n\t\t\t\t\t\t\t<div class=\"elementor-widget-wrap\">\n\t\t\t\t\t\t<div class=\"elementor-element elementor-element-73599a16 elementor-widget elementor-widget-text-editor\" data-id=\"73599a16\" data-element_type=\"widget\" data-widget_type=\"text-editor.default\">\n\t\t\t\t<div class=\"elementor-widget-container\">\n\t\t\t\t\t\t\t\t<div class=\"elementor-text-editor elementor-clearfix\">\n\t\t\t\t<p>La Cuadrilla de Aiaraldea desempa\u00f1a labores de coordinaci\u00f3n y seguimiento de un total de <strong>9 equipos quitanieves<\/strong> en la comarca de Ayala.<\/p>\n<p>El servicio de vialidad invernal de la Cuadrilla de Aiaraldea se desarrolla de la mano del convenio suscrito entre esta misma instituci\u00f3n y el Departamento de Obras P\u00fablicas y Transportes de la Diputaci\u00f3n Foral de \u00c1lava en el a\u00f1o 2006.<\/p>\n<p>\t\t\t\t<img  title=\"\" decoding=\"async\" data-src=\"https:\/\/www.cuadrilladeayala.eus\/wp-content\/uploads\/2017\/07\/cuadrilla_de_ayala-vialidad_invernal.jpg\"  alt=\"cuadrilla_de_ayala-vialidad_invernal Mugikortasun jasangarria\"  itemprop=\"image\" src=\"data:image\/svg+xml;base64,PHN2ZyB3aWR0aD0iMSIgaGVpZ2h0PSIxIiB4bWxucz0iaHR0cDovL3d3dy53My5vcmcvMjAwMC9zdmciPjwvc3ZnPg==\" class=\"lazyload\" style=\"--smush-placeholder-width: 921px; --smush-placeholder-aspect-ratio: 921\/815;\"><\/p>\n<p><strong>Cuadrilla de Aiaraldea<\/strong>: de 8:00 a 20:00 horas en los siguientes tel\u00e9fonos:<\/p>\n<ul>\n<li><a href=\"tel:945399122\">945 399 122<\/a><\/li>\n<li><a href=\"tel:677566284\">677 566 284<\/a><\/li>\n<li><span style=\"font-family: &quot;Source Sans Pro&quot;, sans-serif;\"><b>Email:<\/b>&nbsp;<\/span><a href=\"mailto:cayala.aintzane@ayto.araba.eus\" style=\"background-color: rgb(255, 255, 255); font-family: &quot;Source Sans Pro&quot;, sans-serif;\">cayala.aintzane@ayto.araba.eus<\/a><br><\/li>\n<\/ul>\n<p><strong>Centro de Control de Carreteras de la Diputaci\u00f3n Foral de \u00c1lava<\/strong>: Las 24 horas del d\u00eda en los siguientes tel\u00e9fonos:<\/p>\n<ul>\n<li><a href=\"tel:945182024\">945 18 20 24<\/a><\/li>\n<li><a href=\"tel:945217272\">945 21 72 72<\/a><\/li>\n<\/ul>\n<p><b>Estado de las carreteras de \u00c1lava:<\/b><\/p>\n<ul>\n<li><a href=\"http:\/\/www.araba.eus\/CarreterasyTransportes\/default.asp\" target=\"_blank\" rel=\"noopener\">Vialidad invernal<\/a>.<\/li>\n<\/ul>\n<p><strong>Gobierno Vasco<\/strong><\/p>\n<ul>\n<li><a href=\"https:\/\/www.trafikoa.net\/public\/wps\/portal\/trafico\" target=\"_blank\" rel=\"noopener\">Trafikoa.eus<\/a><\/li>\n<li>Tel\u00e9fono: <a href=\"tel:902112088\">902 112 088<\/a><\/li>\n<\/ul>\n<p><strong>Comunidad Foral de Navarra<\/strong><\/p>\n<ul>\n<li><a href=\"https:\/\/administracionelectronica.navarra.es\/IncCarreteras\/default.aspx\" target=\"_blank\" rel=\"noopener\">Informaci\u00f3n sobre el estado de las carreteras de Navarra<\/a>.<\/li>\n<li>Tel\u00e9fono: <a href=\"tel:900400100\">900 400 100<\/a><\/li>\n<\/ul>\n<p><strong>Direcci\u00f3n General de Tr\u00e1fico<\/strong><\/p>\n<ul>\n<li><a href=\"http:\/\/www.dgt.es\/es\/el-trafico\/carreteras-hielo-nieve\/\" target=\"_blank\" rel=\"noopener\">DGT<\/a>.<\/li>\n<li>Tel\u00e9fono: <a href=\"tel:900123505\">900 123 505<\/a><\/li>\n<\/ul>\n<p><b>Previsiones Climatol\u00f3gicas<\/b><\/p>\n<ul>\n<li><a href=\"http:\/\/www.aemet.es\/es\/eltiempo\/prediccion\/municipios\/ayala-aiara-arespalditza-respaldiza-id01010\" target=\"_blank\" rel=\"noopener\">Agencia Estatal de Meteorolog\u00eda<\/a>.<\/li>\n<li><a href=\"http:\/\/www.euskalmet.euskadi.eus\/s07-5853x\/es\/meteorologia\/home.apl?e=5\" target=\"_blank\" rel=\"noopener\">Euskalmet<\/a>.<\/li>\n<\/ul>\t\t\t\t\t<\/div>\n\t\t\t\t\t\t<\/div>\n\t\t\t\t<\/div>\n\t\t\t\t\t\t<\/div>\n\t\t\t\t\t<\/div>\n\t\t<\/div>\n\t\t\t\t\t\t\t\t<\/div>\n\t\t\t\t\t<\/div>\n\t\t<\/section>\n\t\t\t\t\t\t\t\t\t<\/div>\n\t\t\t<\/div>\n\t\t\t\t\t<\/div>\n\t\t","protected":false},"excerpt":{"rendered":"<p>Garraioa Gaur egun, Aiaraldeko Kuadrilla garraio publikoko konexioen bidez konektatuta dago, bai autobusez, bai trenez. AlavaBus Gaur egun, Araba Buseko bi linea erregular daude eskualdean zehar: 15. linea: Gasteiz \u2013 Amurrio \u2013 Laudio Ordutegi berria Alavabuseko 15. linean urriaren 30etik aurrera 16.\u00a0linea: Artziniega \u2013 Amurrio \u2013 Laudio \u2013 Okondo Ordutegi berria Alavabuseko 16. linean urriaren [&hellip;]<\/p>\n","protected":false},"author":9,"featured_media":0,"parent":4934,"menu_order":0,"comment_status":"closed","ping_status":"closed","template":"","meta":{"_genesis_hide_title":false,"_genesis_hide_breadcrumbs":false,"_genesis_hide_singular_image":false,"_genesis_hide_footer_widgets":false,"_genesis_custom_body_class":"","_genesis_custom_post_class":"","_genesis_layout":"sidebar-content","footnotes":""},"class_list":{"0":"post-4956","1":"page","2":"type-page","3":"status-publish","5":"entry"},"_links":{"self":[{"href":"https:\/\/www.cuadrilladeayala.eus\/eu\/wp-json\/wp\/v2\/pages\/4956","targetHints":{"allow":["GET"]}}],"collection":[{"href":"https:\/\/www.cuadrilladeayala.eus\/eu\/wp-json\/wp\/v2\/pages"}],"about":[{"href":"https:\/\/www.cuadrilladeayala.eus\/eu\/wp-json\/wp\/v2\/types\/page"}],"author":[{"embeddable":true,"href":"https:\/\/www.cuadrilladeayala.eus\/eu\/wp-json\/wp\/v2\/users\/9"}],"replies":[{"embeddable":true,"href":"https:\/\/www.cuadrilladeayala.eus\/eu\/wp-json\/wp\/v2\/comments?post=4956"}],"version-history":[{"count":4,"href":"https:\/\/www.cuadrilladeayala.eus\/eu\/wp-json\/wp\/v2\/pages\/4956\/revisions"}],"predecessor-version":[{"id":5486,"href":"https:\/\/www.cuadrilladeayala.eus\/eu\/wp-json\/wp\/v2\/pages\/4956\/revisions\/5486"}],"up":[{"embeddable":true,"href":"https:\/\/www.cuadrilladeayala.eus\/eu\/wp-json\/wp\/v2\/pages\/4934"}],"wp:attachment":[{"href":"https:\/\/www.cuadrilladeayala.eus\/eu\/wp-json\/wp\/v2\/media?parent=4956"}],"curies":[{"name":"wp","href":"https:\/\/api.w.org\/{rel}","templated":true}]}}